{"id":2661,"date":"2025-10-28T10:55:39","date_gmt":"2025-10-28T10:55:39","guid":{"rendered":"http:\/\/convyo.net\/?page_id=2661"},"modified":"2026-04-14T11:31:11","modified_gmt":"2026-04-14T11:31:11","slug":"mentions-legales","status":"publish","type":"page","link":"https:\/\/convyo.com\/fr\/mentions-legales\/","title":{"rendered":"Mentions l\u00e9gales"},"content":{"rendered":"\t\t<div data-elementor-type=\"wp-page\" data-elementor-id=\"2661\" class=\"elementor elementor-2661\" data-elementor-settings=\"{&quot;element_pack_global_tooltip_width&quot;:{&quot;unit&quot;:&quot;px&quot;,&quot;size&quot;:&quot;&quot;,&quot;sizes&quot;:[]},&quot;element_pack_global_tooltip_width_tablet&quot;:{&quot;unit&quot;:&quot;px&quot;,&quot;size&quot;:&quot;&quot;,&quot;sizes&quot;:[]},&quot;element_pack_global_tooltip_width_mobile&quot;:{&quot;unit&quot;:&quot;px&quot;,&quot;size&quot;:&quot;&quot;,&quot;sizes&quot;:[]},&quot;element_pack_global_tooltip_padding&quot;:{&quot;unit&quot;:&quot;px&quot;,&quot;top&quot;:&quot;&quot;,&quot;right&quot;:&quot;&quot;,&quot;bottom&quot;:&quot;&quot;,&quot;left&quot;:&quot;&quot;,&quot;isLinked&quot;:true},&quot;element_pack_global_tooltip_padding_tablet&quot;:{&quot;unit&quot;:&quot;px&quot;,&quot;top&quot;:&quot;&quot;,&quot;right&quot;:&quot;&quot;,&quot;bottom&quot;:&quot;&quot;,&quot;left&quot;:&quot;&quot;,&quot;isLinked&quot;:true},&quot;element_pack_global_tooltip_padding_mobile&quot;:{&quot;unit&quot;:&quot;px&quot;,&quot;top&quot;:&quot;&quot;,&quot;right&quot;:&quot;&quot;,&quot;bottom&quot;:&quot;&quot;,&quot;left&quot;:&quot;&quot;,&quot;isLinked&quot;:true},&quot;element_pack_global_tooltip_border_radius&quot;:{&quot;unit&quot;:&quot;px&quot;,&quot;top&quot;:&quot;&quot;,&quot;right&quot;:&quot;&quot;,&quot;bottom&quot;:&quot;&quot;,&quot;left&quot;:&quot;&quot;,&quot;isLinked&quot;:true},&quot;element_pack_global_tooltip_border_radius_tablet&quot;:{&quot;unit&quot;:&quot;px&quot;,&quot;top&quot;:&quot;&quot;,&quot;right&quot;:&quot;&quot;,&quot;bottom&quot;:&quot;&quot;,&quot;left&quot;:&quot;&quot;,&quot;isLinked&quot;:true},&quot;element_pack_global_tooltip_border_radius_mobile&quot;:{&quot;unit&quot;:&quot;px&quot;,&quot;top&quot;:&quot;&quot;,&quot;right&quot;:&quot;&quot;,&quot;bottom&quot;:&quot;&quot;,&quot;left&quot;:&quot;&quot;,&quot;isLinked&quot;:true}}\">\n\t\t\t\t<div class=\"elementor-element elementor-element-b58e75c e-flex e-con-boxed e-con e-parent\" data-id=\"b58e75c\" data-element_type=\"container\">\n\t\t\t\t\t<div class=\"e-con-inner\">\n\t\t\t\t<div class=\"elementor-element elementor-element-5e69b5ec elementor-widget elementor-widget-text-editor\" data-id=\"5e69b5ec\" data-element_type=\"widget\" data-widget_type=\"text-editor.default\">\n\t\t\t\t<div class=\"elementor-widget-container\">\n\t\t\t\t\t\t\t\t\t<div class=\"elementor-element elementor-element-5b382798 elementor-widget elementor-widget-aheto_heading animated fadeIn\" data-id=\"5b382798\" data-element_type=\"widget\" data-settings=\"{&quot;_animation&quot;:&quot;fadeIn&quot;}\" data-widget_type=\"aheto_heading.default\"><div class=\"elementor-widget-container\"><div class=\"aheto-heading--ninedok__simple t-center align-mob- aheto_heading_69007d605943c \"><section class=\"elementor-section elementor-top-section elementor-element elementor-element-146a193 elementor-section-height-min-height elementor-section-stretched elementor-section-boxed elementor-section-height-default elementor-section-items-middle\" data-id=\"146a193\" data-element_type=\"section\" data-settings=\"{&quot;stretch_section&quot;:&quot;section-stretched&quot;,&quot;background_background&quot;:&quot;gradient&quot;,&quot;animation_mobile&quot;:&quot;none&quot;}\"><div class=\"elementor-container elementor-column-gap-no\"><div class=\"elementor-column elementor-col-100 elementor-top-column elementor-element elementor-element-5a1632cf\" data-id=\"5a1632cf\" data-element_type=\"column\"><div class=\"elementor-widget-wrap elementor-element-populated\"><section class=\"elementor-section elementor-inner-section elementor-element elementor-element-50a7033 elementor-reverse-tablet elementor-reverse-mobile elementor-section-boxed elementor-section-height-default elementor-section-height-default\" data-id=\"50a7033\" data-element_type=\"section\"><div class=\"elementor-container elementor-column-gap-no\"><div class=\"elementor-column elementor-col-100 elementor-inner-column elementor-element elementor-element-593e1b11\" data-id=\"593e1b11\" data-element_type=\"column\"><div class=\"elementor-widget-wrap elementor-element-populated\"><div class=\"elementor-element elementor-element-fae888d elementor-widget elementor-widget-aheto_heading animated fadeInUp\" data-id=\"fae888d\" data-element_type=\"widget\" data-settings=\"{&quot;_animation&quot;:&quot;fadeInUp&quot;}\" data-widget_type=\"aheto_heading.default\"><div class=\"elementor-widget-container\"><div class=\"aheto-heading--ninedok__simple t-center align-mob- aheto_heading_690075ae0eecf \"><h1 class=\"aheto-heading__title\"><span style=\"font-size: 16px;\">Le site www.convyo.com a \u00e9t\u00e9 d\u00e9velopp\u00e9 par DEVSOLUTION, SAS au capital de 1 000 euros, immatricul\u00e9e au RCS de Paris sous le num\u00e9ro 830.101.382, dont le si\u00e8ge est situ\u00e9 32 boulevard de strasbourg \u2013 75468 Paris \u2013 France.<\/span><\/h1><\/div><\/div><\/div><\/div><\/div><\/div><\/section><\/div><\/div><\/div><\/section><section class=\"elementor-section elementor-top-section elementor-element elementor-element-439ae70 elementor-section-stretched elementor-section-boxed elementor-section-height-default elementor-section-height-default\" data-id=\"439ae70\" data-element_type=\"section\" data-settings=\"{&quot;stretch_section&quot;:&quot;section-stretched&quot;,&quot;background_background&quot;:&quot;gradient&quot;}\"><div class=\"elementor-container elementor-column-gap-no\"><div class=\"elementor-column elementor-col-100 elementor-top-column elementor-element elementor-element-594fa87\" data-id=\"594fa87\" data-element_type=\"column\"><div class=\"elementor-widget-wrap elementor-element-populated\"><div class=\"elementor-element elementor-element-5b382798 elementor-widget elementor-widget-aheto_heading animated fadeIn\" data-id=\"5b382798\" data-element_type=\"widget\" data-settings=\"{&quot;_animation&quot;:&quot;fadeIn&quot;}\" data-widget_type=\"aheto_heading.default\"><div class=\"elementor-widget-container\"><div class=\"aheto-heading--ninedok__simple align-mob- aheto_heading_690075ae21122 \"><ul><li>Directrice de publication: Wafa Abbes<\/li><li>SIRET: 830 101.382 000 18<\/li><li>D\u00e9claration CNIL n\u00b0 2072200<\/li><li>Le site est h\u00e9berg\u00e9 par la soci\u00e9t\u00e9 Amazone Web Services:<\/li><\/ul><p><span class=\"certi-legale\">Amazon Web Services LLC<\/span><br \/><span class=\"certi-legale\">P.O. Box 81226<\/span><br \/><span class=\"certi-legale\">Seattle, WA 98108-1226<\/span><br \/><b class=\"certi-legale\"><a class=\"certi-link\" href=\"http:\/\/aws.amazon.com\/\">http:\/\/aws.amazon.com<\/a><\/b><\/p><\/div><\/div><\/div><div class=\"elementor-element elementor-element-083edd4 elementor-widget elementor-widget-aheto_heading animated fadeIn\" data-id=\"083edd4\" data-element_type=\"widget\" data-settings=\"{&quot;_animation&quot;:&quot;fadeIn&quot;}\" data-widget_type=\"aheto_heading.default\"><div class=\"elementor-widget-container\"><div class=\"aheto-heading--ninedok__simple align-mob- aheto_heading_690075ae27539 \"><p class=\"aheto-heading__description\">Tout le contenu du site internet www.convyo.com (illustration, photo, articles, descriptifs produits, commentaires\u2026) est prot\u00e9g\u00e9 au titre de la propri\u00e9t\u00e9 intellectuelle. Toute reproduction est strictement interdite sans accord pr\u00e9alable de la Soci\u00e9t\u00e9. Pour contacter la Soci\u00e9t\u00e9 ou le site www.convyo.com vous pouvez adresser un courriel \u00e0 l\u2019adresse suivante Email: <b>hello@convyo.com<\/b><\/p><\/div><\/div><\/div><\/div><\/div><\/div><\/section><\/div><\/div><\/div>\t\t\t\t\t\t\t\t<\/div>\n\t\t\t\t<\/div>\n\t\t\t\t<div class=\"elementor-element elementor-element-514f7de elementor-tablet-align-center elementor-align-left elementor-invisible elementor-widget elementor-widget-button\" data-id=\"514f7de\" data-element_type=\"widget\" data-settings=\"{&quot;_animation&quot;:&quot;fadeInUp&quot;,&quot;_animation_delay&quot;:500}\" data-widget_type=\"button.default\">\n\t\t\t\t<div class=\"elementor-widget-container\">\n\t\t\t\t\t\t\t\t\t<div class=\"elementor-button-wrapper\">\n\t\t\t\t\t<a class=\"elementor-button elementor-button-link elementor-size-sm\" href=\"http:\/\/convyo.net\/fr\/request-demo\/\">\n\t\t\t\t\t\t<span class=\"elementor-button-content-wrapper\">\n\t\t\t\t\t\t\t\t\t<span class=\"elementor-button-text\">Commencez gratuitement<\/span>\n\t\t\t\t\t<\/span>\n\t\t\t\t\t<\/a>\n\t\t\t\t<\/div>\n\t\t\t\t\t\t\t\t<\/div>\n\t\t\t\t<\/div>\n\t\t\t\t\t<\/div>\n\t\t\t\t<\/div>\n\t\t\t\t<\/div>\n\t\t","protected":false},"excerpt":{"rendered":"<p>Le site www.convyo.com a \u00e9t\u00e9 d\u00e9velopp\u00e9 par DEVSOLUTION, SAS au capital de 1 000 euros, immatricul\u00e9e au RCS de Paris sous le [&hellip;]<\/p>\n","protected":false},"author":1,"featured_media":0,"parent":0,"menu_order":0,"comment_status":"closed","ping_status":"closed","template":"","meta":{"_bbp_topic_count":0,"_bbp_reply_count":0,"_bbp_total_topic_count":0,"_bbp_total_reply_count":0,"_bbp_voice_count":0,"_bbp_anonymous_reply_count":0,"_bbp_topic_count_hidden":0,"_bbp_reply_count_hidden":0,"_bbp_forum_subforum_count":0,"footnotes":""},"class_list":["post-2661","page","type-page","status-publish","hentry"],"yoast_head":"<!-- This site is optimized with the Yoast SEO plugin v27.3 - https:\/\/yoast.com\/product\/yoast-seo-wordpress\/ -->\n<title>Mentions l\u00e9gales - convyo<\/title>\n<meta name=\"robots\" content=\"index, follow, max-snippet:-1, max-image-preview:large, max-video-preview:-1\" \/>\n<link rel=\"canonical\" href=\"https:\/\/convyo.com\/fr\/mentions-legales\/\" \/>\n<meta property=\"og:locale\" content=\"fr_FR\" \/>\n<meta property=\"og:type\" content=\"article\" \/>\n<meta property=\"og:title\" content=\"Mentions l\u00e9gales - convyo\" \/>\n<meta property=\"og:description\" content=\"Le site www.convyo.com a \u00e9t\u00e9 d\u00e9velopp\u00e9 par DEVSOLUTION, SAS au capital de 1 000 euros, immatricul\u00e9e au RCS de Paris sous le [&hellip;]\" \/>\n<meta property=\"og:url\" content=\"https:\/\/convyo.com\/fr\/mentions-legales\/\" \/>\n<meta property=\"og:site_name\" content=\"convyo\" \/>\n<meta property=\"article:modified_time\" content=\"2026-04-14T11:31:11+00:00\" \/>\n<meta name=\"twitter:card\" content=\"summary_large_image\" \/>\n<meta name=\"twitter:label1\" content=\"Dur\u00e9e de lecture estim\u00e9e\" \/>\n\t<meta name=\"twitter:data1\" content=\"2 minutes\" \/>\n<script type=\"application\/ld+json\" class=\"yoast-schema-graph\">{\"@context\":\"https:\\\/\\\/schema.org\",\"@graph\":[{\"@type\":\"WebPage\",\"@id\":\"https:\\\/\\\/convyo.com\\\/mentions-legales\\\/\",\"url\":\"https:\\\/\\\/convyo.com\\\/mentions-legales\\\/\",\"name\":\"Mentions l\u00e9gales - convyo\",\"isPartOf\":{\"@id\":\"https:\\\/\\\/convyo.com\\\/fr\\\/#website\"},\"datePublished\":\"2025-10-28T10:55:39+00:00\",\"dateModified\":\"2026-04-14T11:31:11+00:00\",\"breadcrumb\":{\"@id\":\"https:\\\/\\\/convyo.com\\\/mentions-legales\\\/#breadcrumb\"},\"inLanguage\":\"fr-FR\",\"potentialAction\":[{\"@type\":\"ReadAction\",\"target\":[\"https:\\\/\\\/convyo.com\\\/mentions-legales\\\/\"]}]},{\"@type\":\"BreadcrumbList\",\"@id\":\"https:\\\/\\\/convyo.com\\\/mentions-legales\\\/#breadcrumb\",\"itemListElement\":[{\"@type\":\"ListItem\",\"position\":1,\"name\":\"Home\",\"item\":\"https:\\\/\\\/convyo.com\\\/\"},{\"@type\":\"ListItem\",\"position\":2,\"name\":\"Mentions l\u00e9gales\"}]},{\"@type\":\"WebSite\",\"@id\":\"https:\\\/\\\/convyo.com\\\/fr\\\/#website\",\"url\":\"https:\\\/\\\/convyo.com\\\/fr\\\/\",\"name\":\"convyo\",\"description\":\"\",\"publisher\":{\"@id\":\"https:\\\/\\\/convyo.com\\\/fr\\\/#organization\"},\"potentialAction\":[{\"@type\":\"SearchAction\",\"target\":{\"@type\":\"EntryPoint\",\"urlTemplate\":\"https:\\\/\\\/convyo.com\\\/fr\\\/?s={search_term_string}\"},\"query-input\":{\"@type\":\"PropertyValueSpecification\",\"valueRequired\":true,\"valueName\":\"search_term_string\"}}],\"inLanguage\":\"fr-FR\"},{\"@type\":\"Organization\",\"@id\":\"https:\\\/\\\/convyo.com\\\/fr\\\/#organization\",\"name\":\"convyo\",\"url\":\"https:\\\/\\\/convyo.com\\\/fr\\\/\",\"logo\":{\"@type\":\"ImageObject\",\"inLanguage\":\"fr-FR\",\"@id\":\"https:\\\/\\\/convyo.com\\\/fr\\\/#\\\/schema\\\/logo\\\/image\\\/\",\"url\":\"http:\\\/\\\/convyo.com\\\/wp-content\\\/uploads\\\/2025\\\/03\\\/convyo_dark.png\",\"contentUrl\":\"http:\\\/\\\/convyo.com\\\/wp-content\\\/uploads\\\/2025\\\/03\\\/convyo_dark.png\",\"width\":2788,\"height\":881,\"caption\":\"convyo\"},\"image\":{\"@id\":\"https:\\\/\\\/convyo.com\\\/fr\\\/#\\\/schema\\\/logo\\\/image\\\/\"}}]}<\/script>\n<!-- \/ Yoast SEO plugin. -->","yoast_head_json":{"title":"Mentions l\u00e9gales - convyo","robots":{"index":"index","follow":"follow","max-snippet":"max-snippet:-1","max-image-preview":"max-image-preview:large","max-video-preview":"max-video-preview:-1"},"canonical":"https:\/\/convyo.com\/fr\/mentions-legales\/","og_locale":"fr_FR","og_type":"article","og_title":"Mentions l\u00e9gales - convyo","og_description":"Le site www.convyo.com a \u00e9t\u00e9 d\u00e9velopp\u00e9 par DEVSOLUTION, SAS au capital de 1 000 euros, immatricul\u00e9e au RCS de Paris sous le [&hellip;]","og_url":"https:\/\/convyo.com\/fr\/mentions-legales\/","og_site_name":"convyo","article_modified_time":"2026-04-14T11:31:11+00:00","twitter_card":"summary_large_image","twitter_misc":{"Dur\u00e9e de lecture estim\u00e9e":"2 minutes"},"schema":{"@context":"https:\/\/schema.org","@graph":[{"@type":"WebPage","@id":"https:\/\/convyo.com\/mentions-legales\/","url":"https:\/\/convyo.com\/mentions-legales\/","name":"Mentions l\u00e9gales - convyo","isPartOf":{"@id":"https:\/\/convyo.com\/fr\/#website"},"datePublished":"2025-10-28T10:55:39+00:00","dateModified":"2026-04-14T11:31:11+00:00","breadcrumb":{"@id":"https:\/\/convyo.com\/mentions-legales\/#breadcrumb"},"inLanguage":"fr-FR","potentialAction":[{"@type":"ReadAction","target":["https:\/\/convyo.com\/mentions-legales\/"]}]},{"@type":"BreadcrumbList","@id":"https:\/\/convyo.com\/mentions-legales\/#breadcrumb","itemListElement":[{"@type":"ListItem","position":1,"name":"Home","item":"https:\/\/convyo.com\/"},{"@type":"ListItem","position":2,"name":"Mentions l\u00e9gales"}]},{"@type":"WebSite","@id":"https:\/\/convyo.com\/fr\/#website","url":"https:\/\/convyo.com\/fr\/","name":"convyo","description":"","publisher":{"@id":"https:\/\/convyo.com\/fr\/#organization"},"potentialAction":[{"@type":"SearchAction","target":{"@type":"EntryPoint","urlTemplate":"https:\/\/convyo.com\/fr\/?s={search_term_string}"},"query-input":{"@type":"PropertyValueSpecification","valueRequired":true,"valueName":"search_term_string"}}],"inLanguage":"fr-FR"},{"@type":"Organization","@id":"https:\/\/convyo.com\/fr\/#organization","name":"convyo","url":"https:\/\/convyo.com\/fr\/","logo":{"@type":"ImageObject","inLanguage":"fr-FR","@id":"https:\/\/convyo.com\/fr\/#\/schema\/logo\/image\/","url":"http:\/\/convyo.com\/wp-content\/uploads\/2025\/03\/convyo_dark.png","contentUrl":"http:\/\/convyo.com\/wp-content\/uploads\/2025\/03\/convyo_dark.png","width":2788,"height":881,"caption":"convyo"},"image":{"@id":"https:\/\/convyo.com\/fr\/#\/schema\/logo\/image\/"}}]}},"_links":{"self":[{"href":"https:\/\/convyo.com\/fr\/wp-json\/wp\/v2\/pages\/2661","targetHints":{"allow":["GET"]}}],"collection":[{"href":"https:\/\/convyo.com\/fr\/wp-json\/wp\/v2\/pages"}],"about":[{"href":"https:\/\/convyo.com\/fr\/wp-json\/wp\/v2\/types\/page"}],"author":[{"embeddable":true,"href":"https:\/\/convyo.com\/fr\/wp-json\/wp\/v2\/users\/1"}],"replies":[{"embeddable":true,"href":"https:\/\/convyo.com\/fr\/wp-json\/wp\/v2\/comments?post=2661"}],"version-history":[{"count":16,"href":"https:\/\/convyo.com\/fr\/wp-json\/wp\/v2\/pages\/2661\/revisions"}],"predecessor-version":[{"id":3074,"href":"https:\/\/convyo.com\/fr\/wp-json\/wp\/v2\/pages\/2661\/revisions\/3074"}],"wp:attachment":[{"href":"https:\/\/convyo.com\/fr\/wp-json\/wp\/v2\/media?parent=2661"}],"curies":[{"name":"wp","href":"https:\/\/api.w.org\/{rel}","templated":true}]}}